{"id":113,"date":"2025-10-26T16:43:58","date_gmt":"2025-10-26T15:43:58","guid":{"rendered":"https:\/\/msh3.de\/wordpress\/?page_id=113"},"modified":"2025-10-29T17:38:33","modified_gmt":"2025-10-29T16:38:33","slug":"start","status":"publish","type":"page","link":"https:\/\/msh3.de\/wordpress\/","title":{"rendered":"MeshCore in Uslar und Umgebung"},"content":{"rendered":"\n<p><strong>Erfahre mehr \u00fcber das Projekt MeshCore, die Umsetzung im Uslarer Land und die Idee dahinter<\/strong><\/p>\n\n\n\n<h4 class=\"wp-block-heading\">Was ist MeshCore und was wollen wir damit erreichen?<\/h4>\n\n\n\n<p>F\u00fcr die gruns\u00e4tzliche Erkl\u00e4rung verweisen wir auf <a href=\"https:\/\/msh3.de\/wordpress\/mein-einstieg-in-die-lora-mesh-welt\/\" data-type=\"post\" data-id=\"47\">Rainers Einstieg in das Thema<\/a> sowie eine deutsche Infoseite aus der Community (<a href=\"https:\/\/meshcorenetz.de\" target=\"_blank\" rel=\"noreferrer noopener\">MeshCoreNetz.de<\/a>) &#8211; von dort geht es auch weiter zu den offiziellen MeshCore-Seiten und in die Telegram-Gruppen.<\/p>\n\n\n\n<p>Unser Ziel ist es, dass Menschen auch bei Stromausfall und\/oder Ausfall von Internet und Handy-Netzen weiterhin in Verbindung bleiben k\u00f6nnen. So wollen wir in Notf\u00e4llen und Krisen versuchen Hilfesuchende und Helfer besser zu vernetzen. Unsere Vision ist es dabei m\u00f6glichst viele Bereiche im Uslarer Land zu erreichen und funktionierende Br\u00fccken in Landkreis und Region aufzubauen.<\/p>\n\n\n\n<h4 class=\"wp-block-heading\">Wer betreibt in Uslar das MeshCore-Netz?<\/h4>\n\n\n\n<p>Da MeshCore eine <a href=\"https:\/\/de.wikipedia.org\/wiki\/Jedermannfunk\" target=\"_blank\" rel=\"noreferrer noopener\">jedermann-Funkanwendung<\/a> ist, kann jeder einen Client (Companion-Radio) oder Repeater betreiben, ohne sich irgendwo zu registieren oder seine Ger\u00e4te anzumelden. In und um Uslar gibt es ein paar Interessierte, die gemeinsam an dem unabh\u00e4ngigen, autark funktionierendem Netz in der Region arbeiten, bei dem jeden mit geringem technischen und finanziellem Aufwand mitmachen kann.<\/p>\n\n\n\n<h4 class=\"wp-block-heading\">direkt weiterlesen &#8230;<\/h4>\n\n\n<ul class=\"wp-block-latest-posts__list wp-block-latest-posts\"><li><a class=\"wp-block-latest-posts__post-title\" href=\"https:\/\/msh3.de\/wordpress\/ping-pong-pinguin-bots-im-mesh\/\">Ping &#8211; Pong &#8211; Pinguin &#8211; Bots im Mesh<\/a><\/li>\n<li><a class=\"wp-block-latest-posts__post-title\" href=\"https:\/\/msh3.de\/wordpress\/scopes-regions\/\">Scopes &amp; Regions<\/a><\/li>\n<li><a class=\"wp-block-latest-posts__post-title\" href=\"https:\/\/msh3.de\/wordpress\/scopes-und-regions-aktuelle-umsetzung-im-solling\/\">Scopes und Regions &amp; aktuelle Umsetzung im Solling<\/a><\/li>\n<li><a class=\"wp-block-latest-posts__post-title\" href=\"https:\/\/msh3.de\/wordpress\/es-mesht-so-schoen\/\">Ausbreitung: es mesht so sch\u00f6n!<\/a><\/li>\n<li><a class=\"wp-block-latest-posts__post-title\" href=\"https:\/\/msh3.de\/wordpress\/was-kann-ich-hier-mit-meshcore-machen\/\">Was kann ich hier mit MeshCore machen?<\/a><\/li>\n<\/ul>","protected":false},"excerpt":{"rendered":"<p>Erfahre mehr \u00fcber das Projekt MeshCore, die Umsetzung im Uslarer Land und die Idee dahinter Was ist MeshCore und was wollen wir damit erreichen? F\u00fcr die gruns\u00e4tzliche Erkl\u00e4rung verweisen wir auf Rainers Einstieg in das <a class=\"more-link\" href=\"https:\/\/msh3.de\/wordpress\/\">Weiterlesen\u00a0\u2026<\/a><\/p>\n","protected":false},"author":1,"featured_media":0,"parent":0,"menu_order":0,"comment_status":"closed","ping_status":"closed","template":"","meta":{"_lmt_disableupdate":"","_lmt_disable":"","footnotes":""},"class_list":["post-113","page","type-page","status-publish","hentry"],"_links":{"self":[{"href":"https:\/\/msh3.de\/wordpress\/wp-json\/wp\/v2\/pages\/113","targetHints":{"allow":["GET"]}}],"collection":[{"href":"https:\/\/msh3.de\/wordpress\/wp-json\/wp\/v2\/pages"}],"about":[{"href":"https:\/\/msh3.de\/wordpress\/wp-json\/wp\/v2\/types\/page"}],"author":[{"embeddable":true,"href":"https:\/\/msh3.de\/wordpress\/wp-json\/wp\/v2\/users\/1"}],"replies":[{"embeddable":true,"href":"https:\/\/msh3.de\/wordpress\/wp-json\/wp\/v2\/comments?post=113"}],"version-history":[{"count":7,"href":"https:\/\/msh3.de\/wordpress\/wp-json\/wp\/v2\/pages\/113\/revisions"}],"predecessor-version":[{"id":149,"href":"https:\/\/msh3.de\/wordpress\/wp-json\/wp\/v2\/pages\/113\/revisions\/149"}],"wp:attachment":[{"href":"https:\/\/msh3.de\/wordpress\/wp-json\/wp\/v2\/media?parent=113"}],"curies":[{"name":"wp","href":"https:\/\/api.w.org\/{rel}","templated":true}]}}