{"id":83,"date":"2025-10-19T19:45:14","date_gmt":"2025-10-19T17:45:14","guid":{"rendered":"https:\/\/msh3.de\/wordpress\/?page_id=83"},"modified":"2025-10-29T18:18:51","modified_gmt":"2025-10-29T17:18:51","slug":"erfahrungen-tipps","status":"publish","type":"page","link":"https:\/\/msh3.de\/wordpress\/erfahrungen-tipps\/","title":{"rendered":"Erfahrungen &amp; Tipps"},"content":{"rendered":"\n<p><\/p>\n\n\n<ul class=\"wp-block-latest-posts__list has-author wp-block-latest-posts\"><li><a class=\"wp-block-latest-posts__post-title\" href=\"https:\/\/msh3.de\/wordpress\/mein-einstieg-in-die-lora-mesh-welt\/\">Mein Einstieg in die LoRa-Mesh-Welt<\/a><div class=\"wp-block-latest-posts__post-author\">von Rainer Fiedler<\/div><div class=\"wp-block-latest-posts__post-excerpt\">Mesh*irgendwas \u2026 vermaschen ist der neue Trend Bisher kannte ich Mesh nur aus meiner Fritzbox, bei der sich die WLAN-Repeater miteinander verkn\u00fcpfen und damit der Durchsatz besser und die Verbindung stabiler werden sollen. Im Fr\u00fchjahr kam dann ein Funkfreund aus Uslar mit dem Thema Meshtastic auf mich zu und weil ich ja gerne Neues probiere, <a class=\"more-link\" href=\"https:\/\/msh3.de\/wordpress\/mein-einstieg-in-die-lora-mesh-welt\/\">Weiterlesen\u00a0\u2026<\/a><\/div><\/li>\n<li><a class=\"wp-block-latest-posts__post-title\" href=\"https:\/\/msh3.de\/wordpress\/lora-mesh-hardware-heltec-v3\/\">LoRa-Mesh-Hardware: Heltec v3<\/a><div class=\"wp-block-latest-posts__post-author\">von Rainer Fiedler<\/div><div class=\"wp-block-latest-posts__post-excerpt\">man kauft, was andere kaufen &#8230; F\u00fcr den ersten Test &#8211; in meinem Fall mit Meshtastic &#8211; braucht es nat\u00fcrlich erstmal Hardware. Da die Kosten \u00fcberschaubar waren, kaufte ich beim gro\u00dfen A im Netz ein Set aus zwei Heltec v3 mit Geh\u00e4use und einer kleinen Antenne. Auf diese Ger\u00e4te konnte ich ohne Vorkenntnisse mit einem <a class=\"more-link\" href=\"https:\/\/msh3.de\/wordpress\/lora-mesh-hardware-heltec-v3\/\">Weiterlesen\u00a0\u2026<\/a><\/div><\/li>\n<li><a class=\"wp-block-latest-posts__post-title\" href=\"https:\/\/msh3.de\/wordpress\/meshtastic-und-die-reichweite\/\">Meshtastic und die Reichweite<\/a><div class=\"wp-block-latest-posts__post-author\">von Rainer Fiedler<\/div><div class=\"wp-block-latest-posts__post-excerpt\">wen kann ich erreichen &#8211; wer erreicht mich? Je nachdem, wo man wohnt und ob Menschen in der n\u00e4heren Umgebung auch passende Ger\u00e4te mit selber Software haben, k\u00f6nnen hier trotz sehr geringer Sendeleistungen erstaunliche Entfernungen auch \u00fcber mehrere Kilometer hinweg erzielt werden. Dabei wirkt bei Meshtastic jedes Ger\u00e4t gleichzeitig als &#8222;Repeater&#8220; und leitet Nachrichten somit <a class=\"more-link\" href=\"https:\/\/msh3.de\/wordpress\/meshtastic-und-die-reichweite\/\">Weiterlesen\u00a0\u2026<\/a><\/div><\/li>\n<li><a class=\"wp-block-latest-posts__post-title\" href=\"https:\/\/msh3.de\/wordpress\/meshtastic-und-die-vernetzung\/\">Meshtastic und die Vernetzung<\/a><div class=\"wp-block-latest-posts__post-author\">von Rainer Fiedler<\/div><div class=\"wp-block-latest-posts__post-excerpt\">&#8230; \u00fcber das Internet &#8211; Fluch und Segen zugleich! Ein paar Monate sp\u00e4ter kam das Thema wieder auf den (Schreib-)Tisch. Mittlerweile waren in Uslar mehrere Nodes unterwegs und ich wollte nun auch endlich den Hype miterleben. Ich kaufte eine &#8222;bessere&#8220; Antenne f\u00fcr einen der beiden Nodes und platzierte ihn erneut im Obergeschoss am Fenster. So <a class=\"more-link\" href=\"https:\/\/msh3.de\/wordpress\/meshtastic-und-die-vernetzung\/\">Weiterlesen\u00a0\u2026<\/a><\/div><\/li>\n<li><a class=\"wp-block-latest-posts__post-title\" href=\"https:\/\/msh3.de\/wordpress\/meshcore-ernuechterung-am-tag-2\/\">Meshcore &#8211; Ern\u00fcchterung am Tag 2<\/a><div class=\"wp-block-latest-posts__post-author\">von Rainer Fiedler<\/div><div class=\"wp-block-latest-posts__post-excerpt\">&#8230; und was ich dagegen tun werde Zum Erfolg von MeshCore am Tag 1 gesellte sich an Tag 2 auch Ern\u00fcchterung. Ich erreichte den Repeater bei Dransfeld nicht immer zuverl\u00e4ssig, weil Nebel und Regen nat\u00fcrlicher Feind der Funkwellen mit geringer Sendeleistung sind und mein Node auf dem Dach Richtung Dransfeld nicht wirklich optimal steht. Es <a class=\"more-link\" href=\"https:\/\/msh3.de\/wordpress\/meshcore-ernuechterung-am-tag-2\/\">Weiterlesen\u00a0\u2026<\/a><\/div><\/li>\n<li><a class=\"wp-block-latest-posts__post-title\" href=\"https:\/\/msh3.de\/wordpress\/mesh-mein-fazit\/\">Mesh &#8211; mein Fazit nach gut einer Woche<\/a><div class=\"wp-block-latest-posts__post-author\">von Rainer Fiedler<\/div><div class=\"wp-block-latest-posts__post-excerpt\">&#8230; und warum ich bei Meshcore bleibe Mein erstes Fazit &#8230; Meshcore \u00fcberzeugt durch eine zuverl\u00e4ssigere Verbindung und wenn es keine Verbindung gibt, dann sagt mir Meshcore auch unverbl\u00fcmt, dass eine Nachricht nicht beim Empf\u00e4nger ankommt. Aber wo Licht ist, ist auch immer Schatten &#8230; Meshcore hei\u00dft auch, dass man nicht nur einen Node, sondern <a class=\"more-link\" href=\"https:\/\/msh3.de\/wordpress\/mesh-mein-fazit\/\">Weiterlesen\u00a0\u2026<\/a><\/div><\/li>\n<li><a class=\"wp-block-latest-posts__post-title\" href=\"https:\/\/msh3.de\/wordpress\/umbau-soemmerling-auf-finale-hardware\/\">Umbau S\u00f6mmerling auf finale Hardware<\/a><div class=\"wp-block-latest-posts__post-author\">von Team<\/div><div class=\"wp-block-latest-posts__post-excerpt\">Der Test mit einem Heltec v3 mit reiner Akkuversorgung war heute Nacht beendet &#8230; der Akku war nach dem vielen Traffic gestern leer und der Repeater hat sich verabschiedet. Zuhause und in Uslar hat man es fast gar nicht gemerkt, weil USL-ESH mittlerweile auch DB0SN empfangen hat. Erster Leidtragender war tats\u00e4chlich Wahmbeck1, wo zwar noch <a class=\"more-link\" href=\"https:\/\/msh3.de\/wordpress\/umbau-soemmerling-auf-finale-hardware\/\">Weiterlesen\u00a0\u2026<\/a><\/div><\/li>\n<\/ul>","protected":false},"excerpt":{"rendered":"","protected":false},"author":1,"featured_media":0,"parent":0,"menu_order":0,"comment_status":"closed","ping_status":"closed","template":"","meta":{"_lmt_disableupdate":"","_lmt_disable":"","footnotes":""},"class_list":["post-83","page","type-page","status-publish","hentry"],"_links":{"self":[{"href":"https:\/\/msh3.de\/wordpress\/wp-json\/wp\/v2\/pages\/83","targetHints":{"allow":["GET"]}}],"collection":[{"href":"https:\/\/msh3.de\/wordpress\/wp-json\/wp\/v2\/pages"}],"about":[{"href":"https:\/\/msh3.de\/wordpress\/wp-json\/wp\/v2\/types\/page"}],"author":[{"embeddable":true,"href":"https:\/\/msh3.de\/wordpress\/wp-json\/wp\/v2\/users\/1"}],"replies":[{"embeddable":true,"href":"https:\/\/msh3.de\/wordpress\/wp-json\/wp\/v2\/comments?post=83"}],"version-history":[{"count":2,"href":"https:\/\/msh3.de\/wordpress\/wp-json\/wp\/v2\/pages\/83\/revisions"}],"predecessor-version":[{"id":170,"href":"https:\/\/msh3.de\/wordpress\/wp-json\/wp\/v2\/pages\/83\/revisions\/170"}],"wp:attachment":[{"href":"https:\/\/msh3.de\/wordpress\/wp-json\/wp\/v2\/media?parent=83"}],"curies":[{"name":"wp","href":"https:\/\/api.w.org\/{rel}","templated":true}]}}